{"id":579,"date":"2025-05-01T08:02:20","date_gmt":"2025-05-01T08:02:20","guid":{"rendered":"https:\/\/opus4vitae-bartlewicz.pl\/?page_id=579"},"modified":"2026-03-31T11:16:25","modified_gmt":"2026-03-31T11:16:25","slug":"o-mnie-lekarz-medycyny-adam-bartlewicz","status":"publish","type":"page","link":"https:\/\/opus4vitae-bartlewicz.pl\/index.php\/o-mnie-lekarz-medycyny-adam-bartlewicz\/","title":{"rendered":"O Mnie"},"content":{"rendered":"\n<h1 class=\"wp-block-heading has-text-align-center is-style-default\" style=\"margin-top:0;margin-bottom:0;padding-top:0;padding-bottom:0\"><strong>Lekarz medycyny Adam Bartlewicz <\/strong><\/h1>\n\n\n\n<h1 class=\"wp-block-heading has-text-align-center\"><strong>Specjalista Ginekologii i Po\u0142o\u017cnictwa <\/strong><\/h1>\n\n\n\n<h1 class=\"wp-block-heading has-text-align-center\"><strong>Opus4Vitae w Poznani<\/strong>u<\/h1>\n\n\n\n<figure class=\"wp-block-image aligncenter size-large is-resized has-custom-border is-style-rounded is-style-rounded--1\"><img loading=\"lazy\" decoding=\"async\" width=\"647\" height=\"1024\" src=\"https:\/\/opus4vitae-bartlewicz.pl\/wp-content\/uploads\/2025\/05\/Kopia-IMG-647x1024.jpg\" alt=\"Lekarz Adam Bartlewicz - specjalista ginekolog-po\u0142o\u017cnik, Pozna\u0144.\" class=\"has-border-color has-accent-3-border-color wp-image-583\" style=\"border-width:5px;width:327px;height:auto\" srcset=\"https:\/\/opus4vitae-bartlewicz.pl\/wp-content\/uploads\/2025\/05\/Kopia-IMG-647x1024.jpg 647w, https:\/\/opus4vitae-bartlewicz.pl\/wp-content\/uploads\/2025\/05\/Kopia-IMG-190x300.jpg 190w, https:\/\/opus4vitae-bartlewicz.pl\/wp-content\/uploads\/2025\/05\/Kopia-IMG-768x1216.jpg 768w, https:\/\/opus4vitae-bartlewicz.pl\/wp-content\/uploads\/2025\/05\/Kopia-IMG-970x1536.jpg 970w, https:\/\/opus4vitae-bartlewicz.pl\/wp-content\/uploads\/2025\/05\/Kopia-IMG-1294x2048.jpg 1294w, https:\/\/opus4vitae-bartlewicz.pl\/wp-content\/uploads\/2025\/05\/Kopia-IMG.jpg 1371w\" sizes=\"auto, (max-width: 647px) 100vw, 647px\" \/><figcaption class=\"wp-element-caption\">Lekarz Adam Batlewicz, ginekolog Pozna\u0144. Opus 4 Vitae.<\/figcaption><\/figure>\n\n\n\n<hr class=\"wp-block-separator has-text-color has-accent-3-color has-alpha-channel-opacity has-accent-3-background-color has-background is-style-wide\" style=\"margin-top:var(--wp--preset--spacing--30);margin-bottom:var(--wp--preset--spacing--30)\"\/>\n\n\n\n<div class=\"wp-block-columns alignwide is-layout-flex wp-container-core-columns-is-layout-28f84493 wp-block-columns-is-layout-flex\">\n<div class=\"wp-block-column is-layout-flow wp-block-column-is-layout-flow\">\n<p class=\"has-text-align-left\"><strong>Lekarz medycyny Adam Bartlewicz prowadzi<\/strong> <strong>Gabinet Ginekologiczno &#8211; Po\u0142o\u017cniczy od 1995 r.<\/strong><\/p>\n\n\n\n<p class=\"has-text-align-left\" style=\"margin-top:-1px;margin-bottom:-1px\"><strong>Absolwent Wydzia\u0142u Lekarskiego Wojskowej Akademii Medycznej w \u0141odzi z 1989 r<\/strong>.<\/p>\n\n\n\n<p class=\"has-text-align-left\" style=\"margin-top:-1px;margin-bottom:-1px\">Pierwszy stopie\u0144 specjalizacji z <strong>po\u0142o\u017cnictwa i ginekologii<\/strong> (1995 r.), drugi stopie\u0144 specjalizacji z <strong>po\u0142o\u017cnictwa i ginekologii <\/strong>(1998 r.).<\/p>\n\n\n\n<p class=\"has-text-align-left\" style=\"margin-top:-1px;margin-bottom:-1px\">Starszy asystent <strong>Oddzia\u0142u Ginekologicznego<\/strong> 111 Szpitala Wojskowego z Przychodni\u0105 w Poznaniu do 2002 r.<\/p>\n\n\n\n<p class=\"has-text-align-left\" style=\"margin-top:-1px;margin-bottom:-1px\">Starszy asystent <strong>Kliniki Ginekologii Ginekologiczno &#8211; Po\u0142o\u017cniczego Szpitala Klinicznego Uniwersytetu Medycznego w Poznaniu<\/strong> do 2012 r.<\/p>\n\n\n\n<h3 class=\"wp-block-heading has-text-align-center\"><strong>Uko\u0144czone kursy i szkolenia<\/strong><\/h3>\n\n\n\n<p>Kursy przygotowawcze do egzamin\u00f3w w <strong>Centrum Zdrowia Matki Polki w \u0141odzi<\/strong> oraz <strong>Wojskowym Instytucie Medycznym w Warszawie<\/strong>. Egzaminy praktyczne z\u0142o\u017cony w <strong>Klinice Ginekologii Operacyjnej i Onkologicznej w Centrum Zdrowia Matki Polki w \u0141odzi<\/strong>.<\/p>\n\n\n\n<h2 class=\"wp-block-heading has-text-align-center\"><strong>Umiej\u0119tno\u015bci<\/strong><\/h2>\n\n\n\n<ul class=\"wp-block-list\">\n<li><strong>Cytologia ginekologiczna<\/strong> (1995 r. Wojskowy Instytut Medyczny w Warszawie);<\/li>\n\n\n\n<li><strong>USG w zakresie po\u0142o\u017cnictwa i ginekologii <\/strong>w tym w zakresie bada\u0144 prenatalnych (1998 r. Centrum Zdrowia Matki Polki w \u0141odzi), <strong>inicjator pierwszych bada\u0144 prenatalnych <\/strong>w pracowni USG 111 Szpitala Wojskowego z Przychodni\u0105 w Poznaniu przy ul. Grunwaldzkiej;<\/li>\n\n\n\n<li><strong>Kolposkopia <\/strong>(2002 r. Szpital Uniwersytecki Collegium Medicum Uniwersytetu Jagiello\u0144skiego w Krakowie), <strong>inicjator powstania pierwszej pracowni Kolposkopowej<\/strong> w Wojskowej Specjalistycznej Przychodni Lekarskiej w Poznaniu przy ul. Szylinga 2 a nast\u0119pnie przy ul. Solnej 21;<\/li>\n\n\n\n<li><strong>Cytologia ginekologiczna<\/strong> &#8211; system Bethesda (2002 r. Szpital Uniwersytecki Collegium Medicum Uniwersytetu Jagiello\u0144skiego w Krakowie);<\/li>\n\n\n\n<li><strong>USG gruczo\u0142u tarczowego <\/strong>(2014 r. Centrum Zdrowia Matki Polki w \u0141odzi);<\/li>\n<\/ul>\n<\/div>\n<\/div>\n\n\n\n<h2 class=\"wp-block-heading has-text-align-center\"><strong>Do\u015bwiadczenie<\/strong> <strong>zawodowe<\/strong><\/h2>\n\n\n\n<p><strong>ZDROWIE INTYMNE I REPRODUKCYJNE<\/strong> W <strong>TYM<\/strong> <strong>DIAGNOSTYKA I LECZENIE OSTRYCH ORAZ PRZEWLEK\u0141YCH CHOR\u00d3B NARZ\u0104DU RODNEGO, ENDOMETRIOZA, BOLESNE MIESI\u0104CZKOWANIE, \u015aWI\u0104D I DYSTROFIE SROMU, OPIEKA NAD KOBIET\u0104 CI\u0118\u017bARN\u0104 W CI\u0104\u017bY FIZJOLOGICZNEJ I PATOLOGICZNEJ, <\/strong><\/p>\n\n\n\n<p class=\"has-text-align-center has-accent-3-background-color has-background\"><strong>Z przykro\u015bci\u0105 musz\u0119 zakomunikowa\u0107, \u017ce od dnia 27-08-2025 roku nie pracuj\u0119 w \u017cadnym podmiocie funkcjonuj\u0105cym w ramach obecnego systemu zdrowia.<\/strong> <\/p>\n\n\n\n<p class=\"has-text-align-center has-accent-3-background-color has-background\"><strong>Z&nbsp; przyczyn osobistych&nbsp; i&nbsp; etycznych a tak\u017ce moich osobistych do\u015bwiadcze\u0144 w roli pacjenta nie praktykuj\u0119  prywatnie<\/strong>. <strong>\u015awiadome czerpanie korzy\u015bci osobistych z patologicznego systemu jest wed\u0142ug mnie niemoralne i sprzeczne ze z\u0142o\u017con\u0105 przysi\u0119g\u0105.<\/strong><\/p>\n\n\n\n<p class=\"has-text-align-center has-accent-4-background-color has-background\"><strong>E-MEDYCYNA: ( E-PORADY, E-ZWOLNIENIA )<\/strong><\/p>\n\n\n\n<p class=\"has-text-align-center has-accent-3-background-color has-background\"><strong>E-RECEPTA, E-SKIEROWANIA <\/strong>&#8211; <strong>OD 2026 ROKU BRAK DOST\u0118PU<\/strong><\/p>\n\n\n\n<p class=\"has-background\" style=\"background-color:#4cc7f0\">Udzielamy porad <strong>nieodp\u0142atnie<\/strong> ( <em><strong>&#8222;pro bono&#8221;<\/strong><\/em> ):<\/p>\n\n\n\n<p class=\"has-accent-4-background-color has-background\"><strong>Rejestracja <\/strong>&#8211; codziennie od <strong>poniedzia\u0142ku <\/strong>do <strong>soboty<\/strong> w godzinach od <strong>8.00 <\/strong>do <strong>18.00<\/strong> wy\u0142\u0105cznie przez wys\u0142anie <strong>wiadomo\u015bci SMS<\/strong> &#8211; <strong>TEL: 661 048 128<\/strong>; pierwsza wizyta i ka\u017cda nast\u0119pna po zmianie ustalonego wcze\u015bniej terminu poprzedzona b\u0119dzie T-PORADA;<\/p>\n\n\n\n<p class=\"has-accent-4-background-color has-background\"><strong>TELE-PORADY<\/strong>\u00a0 &#8211; <strong>dost\u0119pne<\/strong> od <strong>poniedzia\u0142ku<\/strong> do <strong>soboty<\/strong> w godzinach od\u00a0<strong>8.00<\/strong> do <strong>18.00<\/strong>;<\/p>\n\n\n\n<p class=\"has-accent-4-background-color has-background\">Wizyty <strong>STACJONARNE<\/strong> &#8211; <strong>dost\u0119pne<\/strong> <strong>poniedzia\u0142ku<\/strong> do  <strong>soboty <\/strong>od <strong>godziny 9.00<\/strong> tak d\u0142ugo jak b\u0119dzie to konieczne;<\/p>\n\n\n\n<p><\/p>\n\n\n\n<p class=\"has-accent-3-color has-text-color has-link-color wp-elements-5980c79001eade2ed086c8129e27619f\"><\/p>\n\n\n\n<p><\/p>\n","protected":false},"excerpt":{"rendered":"<p>Lekarz medycyny Adam Bartlewicz Specjalista Ginekologii i Po\u0142o\u017cnictwa Opus4Vitae w Poznaniu Lekarz medycyny Adam Bartlewicz prowadzi Gabinet Ginekologiczno &#8211; Po\u0142o\u017cniczy od 1995 r. Absolwent Wydzia\u0142u Lekarskiego Wojskowej Akademii Medycznej w \u0141odzi z 1989 r. Pierwszy stopie\u0144 specjalizacji z po\u0142o\u017cnictwa i ginekologii (1995 r.), drugi stopie\u0144 specjalizacji z po\u0142o\u017cnictwa i ginekologii (1998 r.). Starszy asystent Oddzia\u0142u [&hellip;]<\/p>\n","protected":false},"author":1,"featured_media":0,"parent":0,"menu_order":0,"comment_status":"closed","ping_status":"closed","template":"","meta":{"_eb_attr":"","footnotes":"","_wordproof_timestamp":false},"class_list":["post-579","page","type-page","status-publish","hentry"],"yoast_head":"<!-- This site is optimized with the Yoast SEO plugin v27.3 - https:\/\/yoast.com\/product\/yoast-seo-wordpress\/ -->\n<title>o mnie lekarz medycyny Adam BartlewiczO Mnie - Opus 4 Vitae<\/title>\n<meta name=\"description\" content=\"Lekarz medycyny Adam Bartlewicz Specjalista Ginekologii i Po\u0142o\u017cnictwa prowadzi gabinet od 1995 r. Do\u015bwiadczenie: USG, Kolposkopia, Cytologia\" \/>\n<meta name=\"robots\" content=\"index, follow, max-snippet:-1, max-image-preview:large, max-video-preview:-1\" \/>\n<link rel=\"canonical\" href=\"https:\/\/opus4vitae-bartlewicz.pl\/index.php\/o-mnie-lekarz-medycyny-adam-bartlewicz\/\" \/>\n<meta property=\"og:locale\" content=\"pl_PL\" \/>\n<meta property=\"og:type\" content=\"article\" \/>\n<meta property=\"og:title\" content=\"o mnie lekarz medycyny Adam BartlewiczO Mnie - Opus 4 Vitae\" \/>\n<meta property=\"og:description\" content=\"Lekarz medycyny Adam Bartlewicz Specjalista Ginekologii i Po\u0142o\u017cnictwa prowadzi gabinet od 1995 r. Do\u015bwiadczenie: USG, Kolposkopia, Cytologia\" \/>\n<meta property=\"og:url\" content=\"https:\/\/opus4vitae-bartlewicz.pl\/index.php\/o-mnie-lekarz-medycyny-adam-bartlewicz\/\" \/>\n<meta property=\"og:site_name\" content=\"Opus 4 Vitae\" \/>\n<meta property=\"article:modified_time\" content=\"2026-03-31T11:16:25+00:00\" \/>\n<meta property=\"og:image\" content=\"https:\/\/opus4vitae-bartlewicz.pl\/wp-content\/uploads\/2025\/05\/Kopia-IMG.jpg\" \/>\n\t<meta property=\"og:image:width\" content=\"1371\" \/>\n\t<meta property=\"og:image:height\" content=\"2170\" \/>\n\t<meta property=\"og:image:type\" content=\"image\/jpeg\" \/>\n<meta name=\"twitter:card\" content=\"summary_large_image\" \/>\n<meta name=\"twitter:label1\" content=\"Szacowany czas czytania\" \/>\n\t<meta name=\"twitter:data1\" content=\"3 minuty\" \/>\n<script type=\"application\/ld+json\" class=\"yoast-schema-graph\">{\"@context\":\"https:\\\/\\\/schema.org\",\"@graph\":[{\"@type\":\"WebPage\",\"@id\":\"https:\\\/\\\/opus4vitae-bartlewicz.pl\\\/index.php\\\/o-mnie-lekarz-medycyny-adam-bartlewicz\\\/\",\"url\":\"https:\\\/\\\/opus4vitae-bartlewicz.pl\\\/index.php\\\/o-mnie-lekarz-medycyny-adam-bartlewicz\\\/\",\"name\":\"o mnie lekarz medycyny Adam BartlewiczO Mnie - Opus 4 Vitae\",\"isPartOf\":{\"@id\":\"https:\\\/\\\/opus4vitae-bartlewicz.pl\\\/#website\"},\"primaryImageOfPage\":{\"@id\":\"https:\\\/\\\/opus4vitae-bartlewicz.pl\\\/index.php\\\/o-mnie-lekarz-medycyny-adam-bartlewicz\\\/#primaryimage\"},\"image\":{\"@id\":\"https:\\\/\\\/opus4vitae-bartlewicz.pl\\\/index.php\\\/o-mnie-lekarz-medycyny-adam-bartlewicz\\\/#primaryimage\"},\"thumbnailUrl\":\"https:\\\/\\\/opus4vitae-bartlewicz.pl\\\/wp-content\\\/uploads\\\/2025\\\/05\\\/Kopia-IMG-647x1024.jpg\",\"datePublished\":\"2025-05-01T08:02:20+00:00\",\"dateModified\":\"2026-03-31T11:16:25+00:00\",\"description\":\"Lekarz medycyny Adam Bartlewicz Specjalista Ginekologii i Po\u0142o\u017cnictwa prowadzi gabinet od 1995 r. Do\u015bwiadczenie: USG, Kolposkopia, Cytologia\",\"breadcrumb\":{\"@id\":\"https:\\\/\\\/opus4vitae-bartlewicz.pl\\\/index.php\\\/o-mnie-lekarz-medycyny-adam-bartlewicz\\\/#breadcrumb\"},\"inLanguage\":\"pl-PL\",\"potentialAction\":[{\"@type\":\"ReadAction\",\"target\":[\"https:\\\/\\\/opus4vitae-bartlewicz.pl\\\/index.php\\\/o-mnie-lekarz-medycyny-adam-bartlewicz\\\/\"]}]},{\"@type\":\"ImageObject\",\"inLanguage\":\"pl-PL\",\"@id\":\"https:\\\/\\\/opus4vitae-bartlewicz.pl\\\/index.php\\\/o-mnie-lekarz-medycyny-adam-bartlewicz\\\/#primaryimage\",\"url\":\"https:\\\/\\\/opus4vitae-bartlewicz.pl\\\/wp-content\\\/uploads\\\/2025\\\/05\\\/Kopia-IMG.jpg\",\"contentUrl\":\"https:\\\/\\\/opus4vitae-bartlewicz.pl\\\/wp-content\\\/uploads\\\/2025\\\/05\\\/Kopia-IMG.jpg\",\"width\":1371,\"height\":2170,\"caption\":\"Lekarz Adam Batlewicz, ginekolog Pozna\u0144. Opus 4 Vitae.\"},{\"@type\":\"BreadcrumbList\",\"@id\":\"https:\\\/\\\/opus4vitae-bartlewicz.pl\\\/index.php\\\/o-mnie-lekarz-medycyny-adam-bartlewicz\\\/#breadcrumb\",\"itemListElement\":[{\"@type\":\"ListItem\",\"position\":1,\"name\":\"Strona g\u0142\u00f3wna\",\"item\":\"https:\\\/\\\/opus4vitae-bartlewicz.pl\\\/\"},{\"@type\":\"ListItem\",\"position\":2,\"name\":\"O Mnie\"}]},{\"@type\":\"WebSite\",\"@id\":\"https:\\\/\\\/opus4vitae-bartlewicz.pl\\\/#website\",\"url\":\"https:\\\/\\\/opus4vitae-bartlewicz.pl\\\/\",\"name\":\"Opus 4 Vitae\",\"description\":\"Specjalistyczna opieka ginekologiczna na ka\u017cdym etapie \u017cycia\",\"publisher\":{\"@id\":\"https:\\\/\\\/opus4vitae-bartlewicz.pl\\\/#organization\"},\"alternateName\":\"Lekarz Adam Bartlewicz - Ginekolog Pozna\u0144\",\"potentialAction\":[{\"@type\":\"SearchAction\",\"target\":{\"@type\":\"EntryPoint\",\"urlTemplate\":\"https:\\\/\\\/opus4vitae-bartlewicz.pl\\\/?s={search_term_string}\"},\"query-input\":{\"@type\":\"PropertyValueSpecification\",\"valueRequired\":true,\"valueName\":\"search_term_string\"}}],\"inLanguage\":\"pl-PL\"},{\"@type\":\"Organization\",\"@id\":\"https:\\\/\\\/opus4vitae-bartlewicz.pl\\\/#organization\",\"name\":\"Adam Bartlewicz - Ginekolog Pozna\u0144\",\"alternateName\":\"Opus 4 Vitae\",\"url\":\"https:\\\/\\\/opus4vitae-bartlewicz.pl\\\/\",\"logo\":{\"@type\":\"ImageObject\",\"inLanguage\":\"pl-PL\",\"@id\":\"https:\\\/\\\/opus4vitae-bartlewicz.pl\\\/#\\\/schema\\\/logo\\\/image\\\/\",\"url\":\"https:\\\/\\\/opus4vitae-bartlewicz.pl\\\/wp-content\\\/uploads\\\/2025\\\/03\\\/cropped-Opus-4-Vitae-2-1.png\",\"contentUrl\":\"https:\\\/\\\/opus4vitae-bartlewicz.pl\\\/wp-content\\\/uploads\\\/2025\\\/03\\\/cropped-Opus-4-Vitae-2-1.png\",\"width\":512,\"height\":512,\"caption\":\"Adam Bartlewicz - Ginekolog Pozna\u0144\"},\"image\":{\"@id\":\"https:\\\/\\\/opus4vitae-bartlewicz.pl\\\/#\\\/schema\\\/logo\\\/image\\\/\"}}]}<\/script>\n<!-- \/ Yoast SEO plugin. -->","yoast_head_json":{"title":"o mnie lekarz medycyny Adam BartlewiczO Mnie - Opus 4 Vitae","description":"Lekarz medycyny Adam Bartlewicz Specjalista Ginekologii i Po\u0142o\u017cnictwa prowadzi gabinet od 1995 r. Do\u015bwiadczenie: USG, Kolposkopia, Cytologia","robots":{"index":"index","follow":"follow","max-snippet":"max-snippet:-1","max-image-preview":"max-image-preview:large","max-video-preview":"max-video-preview:-1"},"canonical":"https:\/\/opus4vitae-bartlewicz.pl\/index.php\/o-mnie-lekarz-medycyny-adam-bartlewicz\/","og_locale":"pl_PL","og_type":"article","og_title":"o mnie lekarz medycyny Adam BartlewiczO Mnie - Opus 4 Vitae","og_description":"Lekarz medycyny Adam Bartlewicz Specjalista Ginekologii i Po\u0142o\u017cnictwa prowadzi gabinet od 1995 r. Do\u015bwiadczenie: USG, Kolposkopia, Cytologia","og_url":"https:\/\/opus4vitae-bartlewicz.pl\/index.php\/o-mnie-lekarz-medycyny-adam-bartlewicz\/","og_site_name":"Opus 4 Vitae","article_modified_time":"2026-03-31T11:16:25+00:00","og_image":[{"width":1371,"height":2170,"url":"https:\/\/opus4vitae-bartlewicz.pl\/wp-content\/uploads\/2025\/05\/Kopia-IMG.jpg","type":"image\/jpeg"}],"twitter_card":"summary_large_image","twitter_misc":{"Szacowany czas czytania":"3 minuty"},"schema":{"@context":"https:\/\/schema.org","@graph":[{"@type":"WebPage","@id":"https:\/\/opus4vitae-bartlewicz.pl\/index.php\/o-mnie-lekarz-medycyny-adam-bartlewicz\/","url":"https:\/\/opus4vitae-bartlewicz.pl\/index.php\/o-mnie-lekarz-medycyny-adam-bartlewicz\/","name":"o mnie lekarz medycyny Adam BartlewiczO Mnie - Opus 4 Vitae","isPartOf":{"@id":"https:\/\/opus4vitae-bartlewicz.pl\/#website"},"primaryImageOfPage":{"@id":"https:\/\/opus4vitae-bartlewicz.pl\/index.php\/o-mnie-lekarz-medycyny-adam-bartlewicz\/#primaryimage"},"image":{"@id":"https:\/\/opus4vitae-bartlewicz.pl\/index.php\/o-mnie-lekarz-medycyny-adam-bartlewicz\/#primaryimage"},"thumbnailUrl":"https:\/\/opus4vitae-bartlewicz.pl\/wp-content\/uploads\/2025\/05\/Kopia-IMG-647x1024.jpg","datePublished":"2025-05-01T08:02:20+00:00","dateModified":"2026-03-31T11:16:25+00:00","description":"Lekarz medycyny Adam Bartlewicz Specjalista Ginekologii i Po\u0142o\u017cnictwa prowadzi gabinet od 1995 r. Do\u015bwiadczenie: USG, Kolposkopia, Cytologia","breadcrumb":{"@id":"https:\/\/opus4vitae-bartlewicz.pl\/index.php\/o-mnie-lekarz-medycyny-adam-bartlewicz\/#breadcrumb"},"inLanguage":"pl-PL","potentialAction":[{"@type":"ReadAction","target":["https:\/\/opus4vitae-bartlewicz.pl\/index.php\/o-mnie-lekarz-medycyny-adam-bartlewicz\/"]}]},{"@type":"ImageObject","inLanguage":"pl-PL","@id":"https:\/\/opus4vitae-bartlewicz.pl\/index.php\/o-mnie-lekarz-medycyny-adam-bartlewicz\/#primaryimage","url":"https:\/\/opus4vitae-bartlewicz.pl\/wp-content\/uploads\/2025\/05\/Kopia-IMG.jpg","contentUrl":"https:\/\/opus4vitae-bartlewicz.pl\/wp-content\/uploads\/2025\/05\/Kopia-IMG.jpg","width":1371,"height":2170,"caption":"Lekarz Adam Batlewicz, ginekolog Pozna\u0144. Opus 4 Vitae."},{"@type":"BreadcrumbList","@id":"https:\/\/opus4vitae-bartlewicz.pl\/index.php\/o-mnie-lekarz-medycyny-adam-bartlewicz\/#breadcrumb","itemListElement":[{"@type":"ListItem","position":1,"name":"Strona g\u0142\u00f3wna","item":"https:\/\/opus4vitae-bartlewicz.pl\/"},{"@type":"ListItem","position":2,"name":"O Mnie"}]},{"@type":"WebSite","@id":"https:\/\/opus4vitae-bartlewicz.pl\/#website","url":"https:\/\/opus4vitae-bartlewicz.pl\/","name":"Opus 4 Vitae","description":"Specjalistyczna opieka ginekologiczna na ka\u017cdym etapie \u017cycia","publisher":{"@id":"https:\/\/opus4vitae-bartlewicz.pl\/#organization"},"alternateName":"Lekarz Adam Bartlewicz - Ginekolog Pozna\u0144","potentialAction":[{"@type":"SearchAction","target":{"@type":"EntryPoint","urlTemplate":"https:\/\/opus4vitae-bartlewicz.pl\/?s={search_term_string}"},"query-input":{"@type":"PropertyValueSpecification","valueRequired":true,"valueName":"search_term_string"}}],"inLanguage":"pl-PL"},{"@type":"Organization","@id":"https:\/\/opus4vitae-bartlewicz.pl\/#organization","name":"Adam Bartlewicz - Ginekolog Pozna\u0144","alternateName":"Opus 4 Vitae","url":"https:\/\/opus4vitae-bartlewicz.pl\/","logo":{"@type":"ImageObject","inLanguage":"pl-PL","@id":"https:\/\/opus4vitae-bartlewicz.pl\/#\/schema\/logo\/image\/","url":"https:\/\/opus4vitae-bartlewicz.pl\/wp-content\/uploads\/2025\/03\/cropped-Opus-4-Vitae-2-1.png","contentUrl":"https:\/\/opus4vitae-bartlewicz.pl\/wp-content\/uploads\/2025\/03\/cropped-Opus-4-Vitae-2-1.png","width":512,"height":512,"caption":"Adam Bartlewicz - Ginekolog Pozna\u0144"},"image":{"@id":"https:\/\/opus4vitae-bartlewicz.pl\/#\/schema\/logo\/image\/"}}]}},"_links":{"self":[{"href":"https:\/\/opus4vitae-bartlewicz.pl\/index.php\/wp-json\/wp\/v2\/pages\/579","targetHints":{"allow":["GET"]}}],"collection":[{"href":"https:\/\/opus4vitae-bartlewicz.pl\/index.php\/wp-json\/wp\/v2\/pages"}],"about":[{"href":"https:\/\/opus4vitae-bartlewicz.pl\/index.php\/wp-json\/wp\/v2\/types\/page"}],"author":[{"embeddable":true,"href":"https:\/\/opus4vitae-bartlewicz.pl\/index.php\/wp-json\/wp\/v2\/users\/1"}],"replies":[{"embeddable":true,"href":"https:\/\/opus4vitae-bartlewicz.pl\/index.php\/wp-json\/wp\/v2\/comments?post=579"}],"version-history":[{"count":45,"href":"https:\/\/opus4vitae-bartlewicz.pl\/index.php\/wp-json\/wp\/v2\/pages\/579\/revisions"}],"predecessor-version":[{"id":3702,"href":"https:\/\/opus4vitae-bartlewicz.pl\/index.php\/wp-json\/wp\/v2\/pages\/579\/revisions\/3702"}],"wp:attachment":[{"href":"https:\/\/opus4vitae-bartlewicz.pl\/index.php\/wp-json\/wp\/v2\/media?parent=579"}],"curies":[{"name":"wp","href":"https:\/\/api.w.org\/{rel}","templated":true}]}}