{"id":2112,"date":"2025-10-06T16:35:26","date_gmt":"2025-10-06T16:35:26","guid":{"rendered":"https:\/\/opus4vitae-bartlewicz.pl\/?page_id=2112"},"modified":"2026-03-01T19:51:52","modified_gmt":"2026-03-01T19:51:52","slug":"piekny-jest-ten-swiat","status":"publish","type":"page","link":"https:\/\/opus4vitae-bartlewicz.pl\/index.php\/aktualnosci-biezace-komunikaty-wazne-informacje\/piekny-jest-ten-swiat\/","title":{"rendered":"&#8230;ten \u015awiat&#8230;"},"content":{"rendered":"\n<h2 class=\"wp-block-heading has-text-align-center\" style=\"font-size:clamp(15.197px, 0.95rem + ((1vw - 3.2px) * 0.813), 23px);\"><em><strong>Twoje \u017bycie to wyj\u0105tkowy Inteligentny Projekt, nie transakcja.&nbsp;<\/strong><\/em><\/h2>\n\n\n\n<p><em>Witaj w <strong><mark style=\"background-color:rgba(0, 0, 0, 0);color:#d36e08\" class=\"has-inline-color\">Opus4Vitae<\/mark><\/strong> \u2013 przestrzeni, gdzie medycyna odzyskuje swoj\u0105 dusz\u0119, a fizyka spotyka si\u0119 z empati\u0105.&nbsp;<\/em><\/p>\n\n\n\n<p class=\"has-text-align-center has-text-color has-link-color wp-elements-11714e82973c6ab4b88327d4ba9cbece\" style=\"color:#3a7314\"><em><strong>Czy czujesz, \u017ce Twoje zdrowie to co\u015b wi\u0119cej ni\u017c wyniki bada\u0144? <\/strong><\/em><\/p>\n\n\n\n<p><em>Pod sk\u00f3r\u0105 ka\u017cdego z nas pulsuje Kwantowy M\u0142yn \u2013 niezwyk\u0142a, indywidualna energia i informacjia, kt\u00f3re ka\u017cdego dnia tworz\u0105 <strong>Twoje <\/strong>jutro. W <strong><mark style=\"background-color:rgba(0, 0, 0, 0);color:#e46409\" class=\"has-inline-color\">Opus4Vitae <\/mark><\/strong>wierzymy, \u017ce ta energia i informacja najpi\u0119kniej rozkwitaj\u0105 wtedy, gdy p\u0142yn\u0105 swobodnie, niezak\u0142\u00f3cone l\u0119kiem i kalkulacj\u0105.&nbsp;<\/em><\/p>\n\n\n\n<p><strong><mark style=\"color: rgb(228, 117, 20);\" class=\"has-inline-color\">&#8222;<em>Medycyna bez pieni\u0119dzy&#8221;<\/em><\/mark><\/strong><em> &#8211; to dla nas co\u015b wi\u0119cej ni\u017c idea. To powr\u00f3t do najczystszej formy istnienia, gdzie:&nbsp;<\/em><\/p>\n\n\n\n<ul class=\"wp-block-list\">\n<li><em>P\u0142acimy<strong><mark style=\"background-color:rgba(0, 0, 0, 0);color:#eb750e\" class=\"has-inline-color\"> czasem za czas<\/mark><\/strong> \u2013 bo Tw\u00f3j czas jest jedynym prawdziwym skarbem, jaki posiadasz.<\/em><\/li>\n\n\n\n<li><em>P\u0142acimy <strong><mark style=\"background-color:rgba(0, 0, 0, 0);color:#e77512\" class=\"has-inline-color\">dobrem za dobro <\/mark><\/strong>\u2013 bo serce w rezonansie z drugim cz\u0142owiekiem potrafi zdzia\u0142a\u0107 wi\u0119cej ni\u017c najdro\u017csza aparatura.<\/em><\/li>\n\n\n\n<li><em>P\u0142acimy <strong><mark style=\"background-color:rgba(0, 0, 0, 0);color:#e6740f\" class=\"has-inline-color\">\u017cyciem za \u017cycie<\/mark><\/strong> \u2013 buduj\u0105c wsp\u00f3lnot\u0119, w kt\u00f3rej Twoja obecno\u015b\u0107 jest bezcenna.&nbsp;<\/em><\/li>\n<\/ul>\n\n\n\n<p class=\"has-text-align-center has-background\" style=\"background-color:#b2e195\"><em><strong>Zapraszam Ci\u0119 do \u015bwiata, w kt\u00f3rym medycyna staje si\u0119 nadprzewodnikiem dobra. Tutaj zdejmujemy z Twoich ramion ci\u0119\u017car rynkowej wymiany, by Tw\u00f3j organizm m\u00f3g\u0142 przypomnie\u0107 sobie, jak samemu tka\u0107 zdrowie z ciszy i bezpiecze\u0144stwa.&nbsp;<\/strong><\/em><\/p>\n\n\n\n<p class=\"has-text-align-center has-background\" style=\"background-color:#a0d17f\"><strong><mark style=\"background-color:rgba(0, 0, 0, 0);color:#3f8b0b\" class=\"has-inline-color\"><a href=\"https:\/\/opus4vitae-bartlewicz.pl\/index.php\/blog\/\">Wejd\u017a i odkryj<\/a><\/mark><a href=\"https:\/\/opus4vitae-bartlewicz.pl\/index.php\/blog\/\"><mark style=\"background-color:rgba(0, 0, 0, 0);color:#ea7d10\" class=\"has-inline-color\"> Inteligentny Projekt<\/mark><\/a><mark style=\"background-color:rgba(0, 0, 0, 0);color:#3f8b0b\" class=\"has-inline-color\"><a href=\"https:\/\/opus4vitae-bartlewicz.pl\/index.php\/blog\/\">&#8230; <\/a><\/mark><\/strong><\/p>\n\n\n\n<h2 class=\"wp-block-heading has-text-align-center\" style=\"font-size:clamp(14.642px, 0.915rem + ((1vw - 3.2px) * 0.766), 22px);\">FUNDAMENTY NAUKOWE \u2013 DOWODY, \u017bE TO NASZE <mark style=\"background-color:rgba(0, 0, 0, 0);color:#4a7c29\" class=\"has-inline-color\">CZ\u0141OWIECZE\u0143STWO<\/mark>:<\/h2>\n\n\n\n<p>Ewidencja naukowca: <\/p>\n\n\n\n<p style=\"font-size:clamp(14px, 0.875rem + ((1vw - 3.2px) * 0.625), 20px);\"><strong><mark style=\"background-color:rgba(0, 0, 0, 0);color:#ed7206\" class=\"has-inline-color\">Dlaczego &#8222;Medycyna bez pieni\u0119dzy&#8221; to egzystencjalna prawda?&nbsp;<\/mark><\/strong><\/p>\n\n\n\n<p>Cho\u0107 j\u0119zyk powy\u017cszego zaproszenia jest poetycki, jego fundamenty s\u0105 zakorzenione w <strong>twardych prawach fizyki i biologii AD 2026<\/strong>. Teza, \u017ce bezpo\u015brednia wymiana (pro bono) jest efektywniejsza ni\u017c transakcyjna, opiera si\u0119 na trzech filarach:&nbsp;<\/p>\n\n\n\n<ol class=\"wp-block-list\">\n<li><strong><mark style=\"background-color:rgba(0, 0, 0, 0);color:#eb7d10\" class=\"has-inline-color\">Termodynamika Informacji (Zasada Landauera)<\/mark>:<\/strong> Pieni\u0105dz w relacji terapeutycznej dzia\u0142a jak \u201eopornik\u201d wprowadzaj\u0105cy szum informacyjny. <strong><mark style=\"background-color:rgba(0, 0, 0, 0);color:#59843c\" class=\"has-inline-color\">Usuni\u0119cie tego szumu (l\u0119ku o zasoby) gwa\u0142townie obni\u017ca entropi\u0119 uk\u0142adu, co pozwala m\u00f3zgowi na przekierowanie energii metabolicznej z proces\u00f3w l\u0119kowych na regeneracj\u0119 tkanek.<\/mark><\/strong><\/li>\n\n\n\n<li><strong><mark style=\"background-color:rgba(0, 0, 0, 0);color:#ec7d0e\" class=\"has-inline-color\">Bio-koherencja i Teoria Poliwagalna (S. Porges)<\/mark>:<\/strong> Systemy bezpieni\u0119\u017cne aktywuj\u0105 brzuszny kompleks nerwu b\u0142\u0119dnego. <strong><mark style=\"background-color:rgba(0, 0, 0, 0);color:#5a8f37\" class=\"has-inline-color\">Stan \u201ebezpiecze\u0144stwa biologicznego\u201d, nieosi\u0105galny w warunkach stresu finansowego, jest jedynym stanem, w kt\u00f3rym zachodzi pe\u0142na synteza bia\u0142ek naprawczych i neurogeneza<\/mark><\/strong>.<\/li>\n\n\n\n<li><strong><mark style=\"background-color:rgba(0, 0, 0, 0);color:#eb7d0f\" class=\"has-inline-color\">Zasada Wolnej Energii (K. Friston)<\/mark>: <\/strong>Systemy \u017cywe d\u0105\u017c\u0105 do minimalizacji \u201ezaskoczenia\u201d. <strong><mark style=\"background-color:rgba(0, 0, 0, 0);color:#567b3d\" class=\"has-inline-color\">Bezpo\u015brednia pomoc \u201epro bono\u201d jest sygna\u0142em o najwy\u017cszej sp\u00f3jno\u015bci (koherencji), co optymalizuje procesy samoregulacji na poziomie kwantowym w mikrotubulach neuron\u00f3w<\/mark><\/strong>.\u00a0<\/li>\n<\/ol>\n\n\n\n<p class=\"has-accent-background-color has-background\"><strong>Pi\u015bmiennictwo dowodowe naukowe:\u00a0<\/strong><\/p>\n\n\n\n<ul style=\"font-size:14px\" class=\"wp-block-list\">\n<li><strong>Hameroff, S., &amp; Penrose, R. (2014). <\/strong>Orch-OR Theory. <em><strong><mark style=\"background-color:rgba(0, 0, 0, 0);color:#619d39\" class=\"has-inline-color\">Kwantowe uzasadnienie dla roli intencji w procesie uzdrawiania.<\/mark><\/strong><\/em><\/li>\n\n\n\n<li><strong>Friston, K. (2010).<\/strong> The free-energy principle. <em><strong><mark style=\"background-color:rgba(0, 0, 0, 0);color:#548832\" class=\"has-inline-color\">Wykazuje, jak m\u00f3zg optymalizuje zdrowie poprzez redukcj\u0119 chaosu informacyjnego.<\/mark><\/strong><\/em><\/li>\n\n\n\n<li><strong>Landauer, R. (1991).<\/strong> Information is Physical.<em><strong><mark style=\"background-color:rgba(0, 0, 0, 0);color:#5f973a\" class=\"has-inline-color\">Udowadnia fizyczny koszt przetwarzania szumu (l\u0119ku).<\/mark><\/strong><\/em><\/li>\n\n\n\n<li><strong><mark style=\"background-color:rgba(0, 0, 0, 0);color:#d98c3d\" class=\"has-inline-color\">Porges, S. W., &amp; Onderko, K. (2025).<\/mark><\/strong> Safe and Sound: A Polyvagal Approach for Connection, Change, and Healing \u2013 <mark style=\"background-color:rgba(0, 0, 0, 0);color:#649047\" class=\"has-inline-color\"><em><strong>najnowsza publikacja dotycz\u0105ca praktycznych aspekt\u00f3w uzdrawiania przez poczucie bezpiecze\u0144stwa.<\/strong><\/em><\/mark><\/li>\n\n\n\n<li><strong><mark style=\"background-color:rgba(0, 0, 0, 0);color:#d9823d\" class=\"has-inline-color\">Porges, S. W., &amp; Dana, D. (2018).<\/mark><mark style=\"background-color:rgba(0, 0, 0, 0);color:#de1e1e\" class=\"has-inline-color\"> <\/mark><\/strong>Clinical Applications of the Polyvagal Theory \u2013 <strong><em><mark style=\"background-color:rgba(0, 0, 0, 0);color:#648e48\" class=\"has-inline-color\">zbi\u00f3r tekst\u00f3w o zastosowaniu teorii w konkretnych modelach terapeutycznych.\u00a0<\/mark><\/em><\/strong><\/li>\n\n\n\n<li><strong><mark style=\"background-color:rgba(0, 0, 0, 0);color:#d7843b\" class=\"has-inline-color\">Porges, S. W. (2011). <\/mark><\/strong>The Polyvagal Theory. <em><mark style=\"background-color:rgba(0, 0, 0, 0);color:#4d7d2d\" class=\"has-inline-color\"><strong>Dow\u00f3d na to, \u017ce bezpiecze\u0144stwo (brak l\u0119ku o cen\u0119) jest warunkiem fizjologicznym leczenia.<\/strong><\/mark><\/em><\/li>\n\n\n\n<li><strong><mark style=\"background-color:rgba(0, 0, 0, 0);color:#d9823d\" class=\"has-inline-color\">Porges, S. W. (2007). <\/mark><\/strong>The polyvagal perspective. Biological Psychology, 74(2), 116-143 \u2013 <strong><em><mark style=\"background-color:rgba(0, 0, 0, 0);color:#618748\" class=\"has-inline-color\">szczeg\u00f3\u0142owe om\u00f3wienie ewolucyjnych mechanizm\u00f3w regulacji nerwu b\u0142\u0119dnego.<\/mark><\/em><\/strong><\/li>\n\n\n\n<li><strong><mark style=\"background-color:rgba(0, 0, 0, 0);color:#d9873d\" class=\"has-inline-color\">Porges, S. W. (1995).<\/mark><\/strong> Orienting in a defensive world: Mammalian modifications of our evolutionary heritage. A Polyvagal Theory. Psychophysiology, 32(4), 301-318 \u2013<mark style=\"background-color:rgba(0, 0, 0, 0);color:#6f9853\" class=\"has-inline-color\"> <strong><em>artyku\u0142 wprowadzaj\u0105cy Teori\u0119 Poliwagaln\u0105.<\/em><\/strong><\/mark><\/li>\n<\/ul>\n\n\n\n<p><\/p>\n","protected":false},"excerpt":{"rendered":"<p>Twoje \u017bycie to wyj\u0105tkowy Inteligentny Projekt, nie transakcja.&nbsp; Witaj w Opus4Vitae \u2013 przestrzeni, gdzie medycyna odzyskuje swoj\u0105 dusz\u0119, a fizyka spotyka si\u0119 z empati\u0105.&nbsp; Czy czujesz, \u017ce Twoje zdrowie to co\u015b wi\u0119cej ni\u017c wyniki bada\u0144? Pod sk\u00f3r\u0105 ka\u017cdego z nas pulsuje Kwantowy M\u0142yn \u2013 niezwyk\u0142a, indywidualna energia i informacjia, kt\u00f3re ka\u017cdego dnia tworz\u0105 Twoje jutro. [&hellip;]<\/p>\n","protected":false},"author":1,"featured_media":0,"parent":1808,"menu_order":0,"comment_status":"closed","ping_status":"closed","template":"","meta":{"_eb_attr":"","footnotes":"","_wordproof_timestamp":false},"class_list":["post-2112","page","type-page","status-publish","hentry"],"yoast_head":"<!-- This site is optimized with the Yoast SEO plugin v27.3 - https:\/\/yoast.com\/product\/yoast-seo-wordpress\/ -->\n<title>...ten \u015awiat... - Opus 4 Vitae<\/title>\n<meta name=\"robots\" content=\"index, follow, max-snippet:-1, max-image-preview:large, max-video-preview:-1\" \/>\n<link rel=\"canonical\" href=\"https:\/\/opus4vitae-bartlewicz.pl\/index.php\/aktualnosci-biezace-komunikaty-wazne-informacje\/piekny-jest-ten-swiat\/\" \/>\n<meta property=\"og:locale\" content=\"pl_PL\" \/>\n<meta property=\"og:type\" content=\"article\" \/>\n<meta property=\"og:title\" content=\"...ten \u015awiat... - Opus 4 Vitae\" \/>\n<meta property=\"og:description\" content=\"Twoje \u017bycie to wyj\u0105tkowy Inteligentny Projekt, nie transakcja.&nbsp; Witaj w Opus4Vitae \u2013 przestrzeni, gdzie medycyna odzyskuje swoj\u0105 dusz\u0119, a fizyka spotyka si\u0119 z empati\u0105.&nbsp; Czy czujesz, \u017ce Twoje zdrowie to co\u015b wi\u0119cej ni\u017c wyniki bada\u0144? Pod sk\u00f3r\u0105 ka\u017cdego z nas pulsuje Kwantowy M\u0142yn \u2013 niezwyk\u0142a, indywidualna energia i informacjia, kt\u00f3re ka\u017cdego dnia tworz\u0105 Twoje jutro. [&hellip;]\" \/>\n<meta property=\"og:url\" content=\"https:\/\/opus4vitae-bartlewicz.pl\/index.php\/aktualnosci-biezace-komunikaty-wazne-informacje\/piekny-jest-ten-swiat\/\" \/>\n<meta property=\"og:site_name\" content=\"Opus 4 Vitae\" \/>\n<meta property=\"article:modified_time\" content=\"2026-03-01T19:51:52+00:00\" \/>\n<meta property=\"og:image\" content=\"https:\/\/opus4vitae-bartlewicz.pl\/wp-content\/uploads\/2025\/03\/cropped-Opus-4-Vitae-2-1.png\" \/>\n\t<meta property=\"og:image:width\" content=\"512\" \/>\n\t<meta property=\"og:image:height\" content=\"512\" \/>\n\t<meta property=\"og:image:type\" content=\"image\/png\" \/>\n<meta name=\"twitter:card\" content=\"summary_large_image\" \/>\n<meta name=\"twitter:label1\" content=\"Szacowany czas czytania\" \/>\n\t<meta name=\"twitter:data1\" content=\"3 minuty\" \/>\n<script type=\"application\/ld+json\" class=\"yoast-schema-graph\">{\"@context\":\"https:\\\/\\\/schema.org\",\"@graph\":[{\"@type\":\"WebPage\",\"@id\":\"https:\\\/\\\/opus4vitae-bartlewicz.pl\\\/index.php\\\/aktualnosci-biezace-komunikaty-wazne-informacje\\\/piekny-jest-ten-swiat\\\/\",\"url\":\"https:\\\/\\\/opus4vitae-bartlewicz.pl\\\/index.php\\\/aktualnosci-biezace-komunikaty-wazne-informacje\\\/piekny-jest-ten-swiat\\\/\",\"name\":\"...ten \u015awiat... - Opus 4 Vitae\",\"isPartOf\":{\"@id\":\"https:\\\/\\\/opus4vitae-bartlewicz.pl\\\/#website\"},\"datePublished\":\"2025-10-06T16:35:26+00:00\",\"dateModified\":\"2026-03-01T19:51:52+00:00\",\"breadcrumb\":{\"@id\":\"https:\\\/\\\/opus4vitae-bartlewicz.pl\\\/index.php\\\/aktualnosci-biezace-komunikaty-wazne-informacje\\\/piekny-jest-ten-swiat\\\/#breadcrumb\"},\"inLanguage\":\"pl-PL\",\"potentialAction\":[{\"@type\":\"ReadAction\",\"target\":[\"https:\\\/\\\/opus4vitae-bartlewicz.pl\\\/index.php\\\/aktualnosci-biezace-komunikaty-wazne-informacje\\\/piekny-jest-ten-swiat\\\/\"]}]},{\"@type\":\"BreadcrumbList\",\"@id\":\"https:\\\/\\\/opus4vitae-bartlewicz.pl\\\/index.php\\\/aktualnosci-biezace-komunikaty-wazne-informacje\\\/piekny-jest-ten-swiat\\\/#breadcrumb\",\"itemListElement\":[{\"@type\":\"ListItem\",\"position\":1,\"name\":\"Strona g\u0142\u00f3wna\",\"item\":\"https:\\\/\\\/opus4vitae-bartlewicz.pl\\\/\"},{\"@type\":\"ListItem\",\"position\":2,\"name\":\"Aktualno\u015bci\",\"item\":\"https:\\\/\\\/opus4vitae-bartlewicz.pl\\\/?page_id=1808\"},{\"@type\":\"ListItem\",\"position\":3,\"name\":\"&#8230;ten \u015awiat&#8230;\"}]},{\"@type\":\"WebSite\",\"@id\":\"https:\\\/\\\/opus4vitae-bartlewicz.pl\\\/#website\",\"url\":\"https:\\\/\\\/opus4vitae-bartlewicz.pl\\\/\",\"name\":\"Opus 4 Vitae\",\"description\":\"Specjalistyczna opieka ginekologiczna na ka\u017cdym etapie \u017cycia\",\"publisher\":{\"@id\":\"https:\\\/\\\/opus4vitae-bartlewicz.pl\\\/#organization\"},\"alternateName\":\"Lekarz Adam Bartlewicz - Ginekolog Pozna\u0144\",\"potentialAction\":[{\"@type\":\"SearchAction\",\"target\":{\"@type\":\"EntryPoint\",\"urlTemplate\":\"https:\\\/\\\/opus4vitae-bartlewicz.pl\\\/?s={search_term_string}\"},\"query-input\":{\"@type\":\"PropertyValueSpecification\",\"valueRequired\":true,\"valueName\":\"search_term_string\"}}],\"inLanguage\":\"pl-PL\"},{\"@type\":\"Organization\",\"@id\":\"https:\\\/\\\/opus4vitae-bartlewicz.pl\\\/#organization\",\"name\":\"Adam Bartlewicz - Ginekolog Pozna\u0144\",\"alternateName\":\"Opus 4 Vitae\",\"url\":\"https:\\\/\\\/opus4vitae-bartlewicz.pl\\\/\",\"logo\":{\"@type\":\"ImageObject\",\"inLanguage\":\"pl-PL\",\"@id\":\"https:\\\/\\\/opus4vitae-bartlewicz.pl\\\/#\\\/schema\\\/logo\\\/image\\\/\",\"url\":\"https:\\\/\\\/opus4vitae-bartlewicz.pl\\\/wp-content\\\/uploads\\\/2025\\\/03\\\/cropped-Opus-4-Vitae-2-1.png\",\"contentUrl\":\"https:\\\/\\\/opus4vitae-bartlewicz.pl\\\/wp-content\\\/uploads\\\/2025\\\/03\\\/cropped-Opus-4-Vitae-2-1.png\",\"width\":512,\"height\":512,\"caption\":\"Adam Bartlewicz - Ginekolog Pozna\u0144\"},\"image\":{\"@id\":\"https:\\\/\\\/opus4vitae-bartlewicz.pl\\\/#\\\/schema\\\/logo\\\/image\\\/\"}}]}<\/script>\n<!-- \/ Yoast SEO plugin. -->","yoast_head_json":{"title":"...ten \u015awiat... - Opus 4 Vitae","robots":{"index":"index","follow":"follow","max-snippet":"max-snippet:-1","max-image-preview":"max-image-preview:large","max-video-preview":"max-video-preview:-1"},"canonical":"https:\/\/opus4vitae-bartlewicz.pl\/index.php\/aktualnosci-biezace-komunikaty-wazne-informacje\/piekny-jest-ten-swiat\/","og_locale":"pl_PL","og_type":"article","og_title":"...ten \u015awiat... - Opus 4 Vitae","og_description":"Twoje \u017bycie to wyj\u0105tkowy Inteligentny Projekt, nie transakcja.&nbsp; Witaj w Opus4Vitae \u2013 przestrzeni, gdzie medycyna odzyskuje swoj\u0105 dusz\u0119, a fizyka spotyka si\u0119 z empati\u0105.&nbsp; Czy czujesz, \u017ce Twoje zdrowie to co\u015b wi\u0119cej ni\u017c wyniki bada\u0144? Pod sk\u00f3r\u0105 ka\u017cdego z nas pulsuje Kwantowy M\u0142yn \u2013 niezwyk\u0142a, indywidualna energia i informacjia, kt\u00f3re ka\u017cdego dnia tworz\u0105 Twoje jutro. [&hellip;]","og_url":"https:\/\/opus4vitae-bartlewicz.pl\/index.php\/aktualnosci-biezace-komunikaty-wazne-informacje\/piekny-jest-ten-swiat\/","og_site_name":"Opus 4 Vitae","article_modified_time":"2026-03-01T19:51:52+00:00","og_image":[{"width":512,"height":512,"url":"https:\/\/opus4vitae-bartlewicz.pl\/wp-content\/uploads\/2025\/03\/cropped-Opus-4-Vitae-2-1.png","type":"image\/png"}],"twitter_card":"summary_large_image","twitter_misc":{"Szacowany czas czytania":"3 minuty"},"schema":{"@context":"https:\/\/schema.org","@graph":[{"@type":"WebPage","@id":"https:\/\/opus4vitae-bartlewicz.pl\/index.php\/aktualnosci-biezace-komunikaty-wazne-informacje\/piekny-jest-ten-swiat\/","url":"https:\/\/opus4vitae-bartlewicz.pl\/index.php\/aktualnosci-biezace-komunikaty-wazne-informacje\/piekny-jest-ten-swiat\/","name":"...ten \u015awiat... - Opus 4 Vitae","isPartOf":{"@id":"https:\/\/opus4vitae-bartlewicz.pl\/#website"},"datePublished":"2025-10-06T16:35:26+00:00","dateModified":"2026-03-01T19:51:52+00:00","breadcrumb":{"@id":"https:\/\/opus4vitae-bartlewicz.pl\/index.php\/aktualnosci-biezace-komunikaty-wazne-informacje\/piekny-jest-ten-swiat\/#breadcrumb"},"inLanguage":"pl-PL","potentialAction":[{"@type":"ReadAction","target":["https:\/\/opus4vitae-bartlewicz.pl\/index.php\/aktualnosci-biezace-komunikaty-wazne-informacje\/piekny-jest-ten-swiat\/"]}]},{"@type":"BreadcrumbList","@id":"https:\/\/opus4vitae-bartlewicz.pl\/index.php\/aktualnosci-biezace-komunikaty-wazne-informacje\/piekny-jest-ten-swiat\/#breadcrumb","itemListElement":[{"@type":"ListItem","position":1,"name":"Strona g\u0142\u00f3wna","item":"https:\/\/opus4vitae-bartlewicz.pl\/"},{"@type":"ListItem","position":2,"name":"Aktualno\u015bci","item":"https:\/\/opus4vitae-bartlewicz.pl\/?page_id=1808"},{"@type":"ListItem","position":3,"name":"&#8230;ten \u015awiat&#8230;"}]},{"@type":"WebSite","@id":"https:\/\/opus4vitae-bartlewicz.pl\/#website","url":"https:\/\/opus4vitae-bartlewicz.pl\/","name":"Opus 4 Vitae","description":"Specjalistyczna opieka ginekologiczna na ka\u017cdym etapie \u017cycia","publisher":{"@id":"https:\/\/opus4vitae-bartlewicz.pl\/#organization"},"alternateName":"Lekarz Adam Bartlewicz - Ginekolog Pozna\u0144","potentialAction":[{"@type":"SearchAction","target":{"@type":"EntryPoint","urlTemplate":"https:\/\/opus4vitae-bartlewicz.pl\/?s={search_term_string}"},"query-input":{"@type":"PropertyValueSpecification","valueRequired":true,"valueName":"search_term_string"}}],"inLanguage":"pl-PL"},{"@type":"Organization","@id":"https:\/\/opus4vitae-bartlewicz.pl\/#organization","name":"Adam Bartlewicz - Ginekolog Pozna\u0144","alternateName":"Opus 4 Vitae","url":"https:\/\/opus4vitae-bartlewicz.pl\/","logo":{"@type":"ImageObject","inLanguage":"pl-PL","@id":"https:\/\/opus4vitae-bartlewicz.pl\/#\/schema\/logo\/image\/","url":"https:\/\/opus4vitae-bartlewicz.pl\/wp-content\/uploads\/2025\/03\/cropped-Opus-4-Vitae-2-1.png","contentUrl":"https:\/\/opus4vitae-bartlewicz.pl\/wp-content\/uploads\/2025\/03\/cropped-Opus-4-Vitae-2-1.png","width":512,"height":512,"caption":"Adam Bartlewicz - Ginekolog Pozna\u0144"},"image":{"@id":"https:\/\/opus4vitae-bartlewicz.pl\/#\/schema\/logo\/image\/"}}]}},"_links":{"self":[{"href":"https:\/\/opus4vitae-bartlewicz.pl\/index.php\/wp-json\/wp\/v2\/pages\/2112","targetHints":{"allow":["GET"]}}],"collection":[{"href":"https:\/\/opus4vitae-bartlewicz.pl\/index.php\/wp-json\/wp\/v2\/pages"}],"about":[{"href":"https:\/\/opus4vitae-bartlewicz.pl\/index.php\/wp-json\/wp\/v2\/types\/page"}],"author":[{"embeddable":true,"href":"https:\/\/opus4vitae-bartlewicz.pl\/index.php\/wp-json\/wp\/v2\/users\/1"}],"replies":[{"embeddable":true,"href":"https:\/\/opus4vitae-bartlewicz.pl\/index.php\/wp-json\/wp\/v2\/comments?post=2112"}],"version-history":[{"count":21,"href":"https:\/\/opus4vitae-bartlewicz.pl\/index.php\/wp-json\/wp\/v2\/pages\/2112\/revisions"}],"predecessor-version":[{"id":3587,"href":"https:\/\/opus4vitae-bartlewicz.pl\/index.php\/wp-json\/wp\/v2\/pages\/2112\/revisions\/3587"}],"up":[{"embeddable":true,"href":"https:\/\/opus4vitae-bartlewicz.pl\/index.php\/wp-json\/wp\/v2\/pages\/1808"}],"wp:attachment":[{"href":"https:\/\/opus4vitae-bartlewicz.pl\/index.php\/wp-json\/wp\/v2\/media?parent=2112"}],"curies":[{"name":"wp","href":"https:\/\/api.w.org\/{rel}","templated":true}]}}