{"id":177,"date":"2025-03-18T18:35:34","date_gmt":"2025-03-18T18:35:34","guid":{"rendered":"https:\/\/opus4vitae-bartlewicz.pl\/?page_id=177"},"modified":"2026-03-31T11:30:36","modified_gmt":"2026-03-31T11:30:36","slug":"strona-glowna","status":"publish","type":"page","link":"https:\/\/opus4vitae-bartlewicz.pl\/","title":{"rendered":"Strona g\u0142\u00f3wna"},"content":{"rendered":"\n<h1 class=\"wp-block-heading alignfull has-text-align-center\"><em>Gabinet Ginekologiczno-Po\u0142o\u017cniczy Adam Bartlewicz Pozna\u0144 &#8211; Opus 4 Vitae<\/em><\/h1>\n\n\n\n<div class=\"wp-block-essential-blocks-slider alignfull  root-eb-slider-4rnw8\"><div class=\"eb-parent-wrapper eb-parent-eb-slider-4rnw8 \"><div class=\"eb-slider-wrapper eb-slider-4rnw8 default-slider\" data-blockid=\"eb-slider-4rnw8\" data-version=\"v4\" data-settings=\"eyJhcnJvd3MiOnRydWUsImFkYXB0aXZlSGVpZ2h0Ijp0cnVlLCJhdXRvcGxheSI6dHJ1ZSwiYXV0b3BsYXlTcGVlZCI6MzAwMCwiZG90cyI6dHJ1ZSwiZmFkZSI6ZmFsc2UsImluZmluaXRlIjp0cnVlLCJwYXVzZU9uSG92ZXIiOnRydWUsInNsaWRlc1RvU2hvdyI6MSwic3BlZWQiOjUwMCwidmVydGljYWwiOmZhbHNlLCJjdXJyZW50U2xpZGUiOjAsInJ0bCI6ZmFsc2UsInJlc3BvbnNpdmUiOlt7ImJyZWFrcG9pbnQiOjEwMjUsInNldHRpbmdzIjp7InNsaWRlc1RvU2hvdyI6NX19LHsiYnJlYWtwb2ludCI6NzY3LCJzZXR0aW5ncyI6eyJzbGlkZXNUb1Nob3ciOjF9fV19\" data-arrownexticon=\"fas fa-arrow-alt-circle-right\" data-arrowprevicon=\"fas fa-arrow-alt-circle-left\" data-lightbox=\"false\"><div class=\"eb-slider-init eb-slider-type-image\"><div class=\"eb-slider-item content-1\" data-src=\"https:\/\/opus4vitae-bartlewicz.pl\/wp-content\/uploads\/2025\/05\/WhatsApp-Image-2025-05-09-at-00.00.29-scaled.jpeg\"><div><img class=\"eb-slider-image\" data-lazy=\"https:\/\/opus4vitae-bartlewicz.pl\/wp-content\/uploads\/2025\/05\/WhatsApp-Image-2025-05-09-at-00.00.29-scaled.jpeg\"\/><\/div><\/div><div class=\"eb-slider-item content-1\" data-src=\"https:\/\/opus4vitae-bartlewicz.pl\/wp-content\/uploads\/2025\/05\/WhatsApp-Image-2025-05-08-at-23.59.20.jpeg\"><div><img class=\"eb-slider-image\" data-lazy=\"https:\/\/opus4vitae-bartlewicz.pl\/wp-content\/uploads\/2025\/05\/WhatsApp-Image-2025-05-08-at-23.59.20.jpeg\"\/><\/div><\/div><div class=\"eb-slider-item content-1\" data-src=\"https:\/\/opus4vitae-bartlewicz.pl\/wp-content\/uploads\/2025\/05\/WhatsApp-Image-2025-05-08-at-23.59.39.jpeg\"><div><img class=\"eb-slider-image\" data-lazy=\"https:\/\/opus4vitae-bartlewicz.pl\/wp-content\/uploads\/2025\/05\/WhatsApp-Image-2025-05-08-at-23.59.39.jpeg\"\/><\/div><\/div><\/div><\/div><\/div><\/div>\n\n\n\n<div class=\"wp-block-columns alignwide is-layout-flex wp-container-core-columns-is-layout-28f84493 wp-block-columns-is-layout-flex\">\n<div class=\"wp-block-column is-vertically-aligned-center is-layout-flow wp-block-column-is-layout-flow\" style=\"flex-basis:100%\">\n<div class=\"wp-block-essential-blocks-text  root-eb-text-0ye76\"><div class=\"eb-parent-wrapper eb-parent-eb-text-0ye76 \"><div class=\"eb-text-wrapper eb-text-0ye76\" data-id=\"eb-text-0ye76\"><h3 class=\"eb-text\"><mark style=\"background-color:rgba(0, 0, 0, 0);color:#47a10c\" class=\"has-inline-color\"><strong>Gabinet dzia\u0142a pro bono<\/strong> <\/mark><br><br><strong><mark style=\"background-color:rgba(0, 0, 0, 0);color:#277ed5\" class=\"has-inline-color\">&#8222;\u017bycie jest cudem do odkrycia, a nie b\u0142\u0119dem do naprawienia.&#8221;\u00a0<\/mark><\/strong><br><br>Darzymy najwy\u017cszym szacunkiem niezwyk\u0142o\u015b\u0107 i wyj\u0105tkowo\u015b\u0107 ludzkiego Istnienia od Zap\u0142odnienia do naturalnej \u015amierci, jednocze\u015bnie uznaj\u0105c osi\u0105gni\u0119cia, ale i granice wsp\u00f3\u0142czesnej <strong>Nauki<\/strong>, kt\u00f3ra  codziennie staje wobec tajemnicy \u017bycia i \u015amierci. <br><br>Oferujemy <strong>Tobie<\/strong> nasz czas, uwa\u017cno\u015b\u0107 i szczer\u0105 relacj\u0119.\u00a0<br><br><strong><mark style=\"background-color:rgba(0, 0, 0, 0);color:#1776dc\" class=\"has-inline-color\">Dlaczego: &#8222;Medycyna bez pieni\u0119dzy\u201d\u00a0?<\/mark><\/strong><br><br><strong><mark style=\"background-color:rgba(0, 0, 0, 0);color:#55942c\" class=\"has-inline-color\">Wierzymy<\/mark><\/strong>, \u017ce s\u0142u\u017cba lekarza tak naprawd\u0119 zaczyna si\u0119 wtedy, gdy ko\u0144cz\u0105 si\u0119<strong><mark style=\"background-color:rgba(0, 0, 0, 0)\" class=\"has-inline-color has-accent-3-color\"> pieni\u0105dze<\/mark><\/strong>. Pracujemy <strong><mark style=\"background-color:rgba(0, 0, 0, 0);color:#5b8f39\" class=\"has-inline-color\">pro bono<\/mark> <\/strong>( <strong><mark style=\"background-color:rgba(0, 0, 0, 0);color:#5d9b33\" class=\"has-inline-color\">nieodp\u0142a<\/mark><mark style=\"background-color:rgba(0, 0, 0, 0);color:#51882c\" class=\"has-inline-color\">tnie<\/mark><\/strong> ), wspieraj\u0105c  Osoby, kt\u00f3rym system odm\u00f3wi\u0142 pomocy, kt\u00f3re znalaz\u0142y si\u0119 w trudnej sytuacji \u017cyciowej lub kt\u00f3rym bliskie s\u0105 nasze <mark style=\"background-color:rgba(0, 0, 0, 0);color:#59972f\" class=\"has-inline-color\"><strong>warto\u015bci<\/strong><\/mark>&#8230;\u00a0<br><br><strong><mark style=\"background-color:rgba(0, 0, 0, 0);color:#22942f\" class=\"has-inline-color\">Mamy czas dla Ciebie\u00a0:<\/mark><\/strong><br>Zapraszamy od <strong>p<mark style=\"background-color:rgba(0, 0, 0, 0)\" class=\"has-inline-color has-contrast-color\">oniedzia\u0142ku<\/mark><\/strong> do <strong>soboty<\/strong> od godziny <strong>9:00<\/strong>.<br>Nie ograniczamy wizyt zegarkiem \u2013 b\u0119dziemy przy Tobie <strong>tak d\u0142ugo, jak b\u0119dzie to konieczne<\/strong>, by odpowiedzie\u0107 na ka\u017cde pytanie i rozwia\u0107 ka\u017cd\u0105 obaw\u0119.\u00a0<br><br><strong><mark style=\"background-color:rgba(0, 0, 0, 0);color:#559b27\" class=\"has-inline-color\">Lokalizacja:<\/mark><\/strong> <br><strong>Pozna\u0144<\/strong>, <strong>Pasa\u017c Je\u017cycki<\/strong>, ul. J. H. <strong>D\u0105browskiego 75<\/strong> \/ <strong>86<\/strong><br><strong><mark style=\"background-color:rgba(0, 0, 0, 0);color:#4f9421\" class=\"has-inline-color\">Kontakt: <\/mark><\/strong><br>Je\u017celi potrzebujesz pomocy, <strong>wy\u015blij wiadomo\u015b\u0107 <mark style=\"background-color:rgba(0, 0, 0, 0);color:#027dc9\" class=\"has-inline-color\">SMS<\/mark><\/strong> na numer <strong><mark style=\"background-color:rgba(0, 0, 0, 0);color:#0284d5\" class=\"has-inline-color\">661 048 128<\/mark><\/strong>. Odezwiemy si\u0119 do Ciebie w celu ustalenia szczeg\u00f3\u0142\u00f3w, aby\u015b na uzyskanie pomocy po\u015bwi\u0119ci\u0142a dok\u0142adnie tyle czasu, ile jest niezb\u0119dne. <br><br><strong style=\"caret-color: rgb(0, 0, 0); color: rgb(0, 0, 0); text-align: start; white-space: normal;\"><mark style=\"background-color: rgba(0, 0, 0, 0); color: rgb(67, 146, 13);\" class=\"has-inline-color\">Dobro za Dobro\u201d<\/mark><\/strong><\/h3><\/div><\/div><\/div>\n\n\n\n<div class=\"wp-block-buttons is-content-justification-center is-layout-flex wp-container-core-buttons-is-layout-a89b3969 wp-block-buttons-is-layout-flex\">\n<div class=\"wp-block-button\"><a class=\"wp-block-button__link has-accent-3-background-color has-background wp-element-button\" href=\"https:\/\/opus4vitae-bartlewicz.pl\/index.php\/aktualnosci-biezace-komunikaty-wazne-informacje\/piekny-jest-ten-swiat\/\"><strong><mark style=\"background-color:rgba(0, 0, 0, 0)\" class=\"has-inline-color has-accent-4-color\">\u015acie\u017cka Dobroci<\/mark><\/strong><\/a><\/div>\n<\/div>\n\n\n\n<div class=\"wp-block-group alignwide has-base-background-color has-background has-global-padding is-layout-constrained wp-container-core-group-is-layout-39412042 wp-block-group-is-layout-constrained\" style=\"border-radius:16px;padding-top:var(--wp--preset--spacing--40);padding-right:var(--wp--preset--spacing--50);padding-bottom:var(--wp--preset--spacing--40);padding-left:var(--wp--preset--spacing--50)\"><\/div>\n<\/div>\n\n\n\n<div class=\"wp-block-column is-layout-flow wp-block-column-is-layout-flow\"><\/div>\n\n\n\n<div class=\"wp-block-column is-layout-flow wp-block-column-is-layout-flow\"><\/div>\n\n\n\n<div class=\"wp-block-column is-layout-flow wp-block-column-is-layout-flow\"><\/div>\n<\/div>\n","protected":false},"excerpt":{"rendered":"<p>Gabinet Ginekologiczno-Po\u0142o\u017cniczy Adam Bartlewicz Pozna\u0144 &#8211; Opus 4 Vitae<\/p>\n","protected":false},"author":1,"featured_media":0,"parent":0,"menu_order":0,"comment_status":"closed","ping_status":"closed","template":"page-no-title","meta":{"_eb_attr":"","footnotes":"","_wordproof_timestamp":false},"class_list":["post-177","page","type-page","status-publish","hentry"],"yoast_head":"<!-- This site is optimized with the Yoast SEO plugin v27.3 - https:\/\/yoast.com\/product\/yoast-seo-wordpress\/ -->\n<title>Lekarz medycyny Adam Bartlewicz Strona g\u0142\u00f3wna - Opus 4 Vitae<\/title>\n<meta name=\"description\" content=\"Specjalista ginekologii i po\u0142o\u017cnictwa, lekarz medycyny Adam Bartlewicz oferuje kompleksow\u0105 opiek\u0119 w zakresie ginekologii i po\u0142o\u017cnictwa\" \/>\n<meta name=\"robots\" content=\"index, follow, max-snippet:-1, max-image-preview:large, max-video-preview:-1\" \/>\n<link rel=\"canonical\" href=\"https:\/\/opus4vitae-bartlewicz.pl\/\" \/>\n<meta property=\"og:locale\" content=\"pl_PL\" \/>\n<meta property=\"og:type\" content=\"article\" \/>\n<meta property=\"og:title\" content=\"Lekarz medycyny Adam Bartlewicz Strona g\u0142\u00f3wna - Opus 4 Vitae\" \/>\n<meta property=\"og:description\" content=\"Specjalista ginekologii i po\u0142o\u017cnictwa, lekarz medycyny Adam Bartlewicz oferuje kompleksow\u0105 opiek\u0119 w zakresie ginekologii i po\u0142o\u017cnictwa\" \/>\n<meta property=\"og:url\" content=\"https:\/\/opus4vitae-bartlewicz.pl\/\" \/>\n<meta property=\"og:site_name\" content=\"Opus 4 Vitae\" \/>\n<meta property=\"article:modified_time\" content=\"2026-03-31T11:30:36+00:00\" \/>\n<meta property=\"og:image\" content=\"https:\/\/opus4vitae-bartlewicz.pl\/wp-content\/uploads\/2025\/03\/cropped-Opus-4-Vitae-2-1.png\" \/>\n\t<meta property=\"og:image:width\" content=\"512\" \/>\n\t<meta property=\"og:image:height\" content=\"512\" \/>\n\t<meta property=\"og:image:type\" content=\"image\/png\" \/>\n<meta name=\"twitter:card\" content=\"summary_large_image\" \/>\n<meta name=\"twitter:label1\" content=\"Szacowany czas czytania\" \/>\n\t<meta name=\"twitter:data1\" content=\"2 minuty\" \/>\n<script type=\"application\/ld+json\" class=\"yoast-schema-graph\">{\"@context\":\"https:\\\/\\\/schema.org\",\"@graph\":[{\"@type\":\"WebPage\",\"@id\":\"https:\\\/\\\/opus4vitae-bartlewicz.pl\\\/\",\"url\":\"https:\\\/\\\/opus4vitae-bartlewicz.pl\\\/\",\"name\":\"Lekarz medycyny Adam Bartlewicz Strona g\u0142\u00f3wna - Opus 4 Vitae\",\"isPartOf\":{\"@id\":\"https:\\\/\\\/opus4vitae-bartlewicz.pl\\\/#website\"},\"datePublished\":\"2025-03-18T18:35:34+00:00\",\"dateModified\":\"2026-03-31T11:30:36+00:00\",\"description\":\"Specjalista ginekologii i po\u0142o\u017cnictwa, lekarz medycyny Adam Bartlewicz oferuje kompleksow\u0105 opiek\u0119 w zakresie ginekologii i po\u0142o\u017cnictwa\",\"breadcrumb\":{\"@id\":\"https:\\\/\\\/opus4vitae-bartlewicz.pl\\\/#breadcrumb\"},\"inLanguage\":\"pl-PL\",\"potentialAction\":[{\"@type\":\"ReadAction\",\"target\":[\"https:\\\/\\\/opus4vitae-bartlewicz.pl\\\/\"]}]},{\"@type\":\"BreadcrumbList\",\"@id\":\"https:\\\/\\\/opus4vitae-bartlewicz.pl\\\/#breadcrumb\",\"itemListElement\":[{\"@type\":\"ListItem\",\"position\":1,\"name\":\"Strona g\u0142\u00f3wna\",\"item\":\"https:\\\/\\\/opus4vitae-bartlewicz.pl\\\/\"},{\"@type\":\"ListItem\",\"position\":2,\"name\":\"Strona g\u0142\u00f3wna\"}]},{\"@type\":\"WebSite\",\"@id\":\"https:\\\/\\\/opus4vitae-bartlewicz.pl\\\/#website\",\"url\":\"https:\\\/\\\/opus4vitae-bartlewicz.pl\\\/\",\"name\":\"Opus 4 Vitae\",\"description\":\"Specjalistyczna opieka ginekologiczna na ka\u017cdym etapie \u017cycia\",\"publisher\":{\"@id\":\"https:\\\/\\\/opus4vitae-bartlewicz.pl\\\/#organization\"},\"alternateName\":\"Lekarz Adam Bartlewicz - Ginekolog Pozna\u0144\",\"potentialAction\":[{\"@type\":\"SearchAction\",\"target\":{\"@type\":\"EntryPoint\",\"urlTemplate\":\"https:\\\/\\\/opus4vitae-bartlewicz.pl\\\/?s={search_term_string}\"},\"query-input\":{\"@type\":\"PropertyValueSpecification\",\"valueRequired\":true,\"valueName\":\"search_term_string\"}}],\"inLanguage\":\"pl-PL\"},{\"@type\":\"Organization\",\"@id\":\"https:\\\/\\\/opus4vitae-bartlewicz.pl\\\/#organization\",\"name\":\"Adam Bartlewicz - Ginekolog Pozna\u0144\",\"alternateName\":\"Opus 4 Vitae\",\"url\":\"https:\\\/\\\/opus4vitae-bartlewicz.pl\\\/\",\"logo\":{\"@type\":\"ImageObject\",\"inLanguage\":\"pl-PL\",\"@id\":\"https:\\\/\\\/opus4vitae-bartlewicz.pl\\\/#\\\/schema\\\/logo\\\/image\\\/\",\"url\":\"https:\\\/\\\/opus4vitae-bartlewicz.pl\\\/wp-content\\\/uploads\\\/2025\\\/03\\\/cropped-Opus-4-Vitae-2-1.png\",\"contentUrl\":\"https:\\\/\\\/opus4vitae-bartlewicz.pl\\\/wp-content\\\/uploads\\\/2025\\\/03\\\/cropped-Opus-4-Vitae-2-1.png\",\"width\":512,\"height\":512,\"caption\":\"Adam Bartlewicz - Ginekolog Pozna\u0144\"},\"image\":{\"@id\":\"https:\\\/\\\/opus4vitae-bartlewicz.pl\\\/#\\\/schema\\\/logo\\\/image\\\/\"}}]}<\/script>\n<!-- \/ Yoast SEO plugin. -->","yoast_head_json":{"title":"Lekarz medycyny Adam Bartlewicz Strona g\u0142\u00f3wna - Opus 4 Vitae","description":"Specjalista ginekologii i po\u0142o\u017cnictwa, lekarz medycyny Adam Bartlewicz oferuje kompleksow\u0105 opiek\u0119 w zakresie ginekologii i po\u0142o\u017cnictwa","robots":{"index":"index","follow":"follow","max-snippet":"max-snippet:-1","max-image-preview":"max-image-preview:large","max-video-preview":"max-video-preview:-1"},"canonical":"https:\/\/opus4vitae-bartlewicz.pl\/","og_locale":"pl_PL","og_type":"article","og_title":"Lekarz medycyny Adam Bartlewicz Strona g\u0142\u00f3wna - Opus 4 Vitae","og_description":"Specjalista ginekologii i po\u0142o\u017cnictwa, lekarz medycyny Adam Bartlewicz oferuje kompleksow\u0105 opiek\u0119 w zakresie ginekologii i po\u0142o\u017cnictwa","og_url":"https:\/\/opus4vitae-bartlewicz.pl\/","og_site_name":"Opus 4 Vitae","article_modified_time":"2026-03-31T11:30:36+00:00","og_image":[{"width":512,"height":512,"url":"https:\/\/opus4vitae-bartlewicz.pl\/wp-content\/uploads\/2025\/03\/cropped-Opus-4-Vitae-2-1.png","type":"image\/png"}],"twitter_card":"summary_large_image","twitter_misc":{"Szacowany czas czytania":"2 minuty"},"schema":{"@context":"https:\/\/schema.org","@graph":[{"@type":"WebPage","@id":"https:\/\/opus4vitae-bartlewicz.pl\/","url":"https:\/\/opus4vitae-bartlewicz.pl\/","name":"Lekarz medycyny Adam Bartlewicz Strona g\u0142\u00f3wna - Opus 4 Vitae","isPartOf":{"@id":"https:\/\/opus4vitae-bartlewicz.pl\/#website"},"datePublished":"2025-03-18T18:35:34+00:00","dateModified":"2026-03-31T11:30:36+00:00","description":"Specjalista ginekologii i po\u0142o\u017cnictwa, lekarz medycyny Adam Bartlewicz oferuje kompleksow\u0105 opiek\u0119 w zakresie ginekologii i po\u0142o\u017cnictwa","breadcrumb":{"@id":"https:\/\/opus4vitae-bartlewicz.pl\/#breadcrumb"},"inLanguage":"pl-PL","potentialAction":[{"@type":"ReadAction","target":["https:\/\/opus4vitae-bartlewicz.pl\/"]}]},{"@type":"BreadcrumbList","@id":"https:\/\/opus4vitae-bartlewicz.pl\/#breadcrumb","itemListElement":[{"@type":"ListItem","position":1,"name":"Strona g\u0142\u00f3wna","item":"https:\/\/opus4vitae-bartlewicz.pl\/"},{"@type":"ListItem","position":2,"name":"Strona g\u0142\u00f3wna"}]},{"@type":"WebSite","@id":"https:\/\/opus4vitae-bartlewicz.pl\/#website","url":"https:\/\/opus4vitae-bartlewicz.pl\/","name":"Opus 4 Vitae","description":"Specjalistyczna opieka ginekologiczna na ka\u017cdym etapie \u017cycia","publisher":{"@id":"https:\/\/opus4vitae-bartlewicz.pl\/#organization"},"alternateName":"Lekarz Adam Bartlewicz - Ginekolog Pozna\u0144","potentialAction":[{"@type":"SearchAction","target":{"@type":"EntryPoint","urlTemplate":"https:\/\/opus4vitae-bartlewicz.pl\/?s={search_term_string}"},"query-input":{"@type":"PropertyValueSpecification","valueRequired":true,"valueName":"search_term_string"}}],"inLanguage":"pl-PL"},{"@type":"Organization","@id":"https:\/\/opus4vitae-bartlewicz.pl\/#organization","name":"Adam Bartlewicz - Ginekolog Pozna\u0144","alternateName":"Opus 4 Vitae","url":"https:\/\/opus4vitae-bartlewicz.pl\/","logo":{"@type":"ImageObject","inLanguage":"pl-PL","@id":"https:\/\/opus4vitae-bartlewicz.pl\/#\/schema\/logo\/image\/","url":"https:\/\/opus4vitae-bartlewicz.pl\/wp-content\/uploads\/2025\/03\/cropped-Opus-4-Vitae-2-1.png","contentUrl":"https:\/\/opus4vitae-bartlewicz.pl\/wp-content\/uploads\/2025\/03\/cropped-Opus-4-Vitae-2-1.png","width":512,"height":512,"caption":"Adam Bartlewicz - Ginekolog Pozna\u0144"},"image":{"@id":"https:\/\/opus4vitae-bartlewicz.pl\/#\/schema\/logo\/image\/"}}]}},"_links":{"self":[{"href":"https:\/\/opus4vitae-bartlewicz.pl\/index.php\/wp-json\/wp\/v2\/pages\/177","targetHints":{"allow":["GET"]}}],"collection":[{"href":"https:\/\/opus4vitae-bartlewicz.pl\/index.php\/wp-json\/wp\/v2\/pages"}],"about":[{"href":"https:\/\/opus4vitae-bartlewicz.pl\/index.php\/wp-json\/wp\/v2\/types\/page"}],"author":[{"embeddable":true,"href":"https:\/\/opus4vitae-bartlewicz.pl\/index.php\/wp-json\/wp\/v2\/users\/1"}],"replies":[{"embeddable":true,"href":"https:\/\/opus4vitae-bartlewicz.pl\/index.php\/wp-json\/wp\/v2\/comments?post=177"}],"version-history":[{"count":69,"href":"https:\/\/opus4vitae-bartlewicz.pl\/index.php\/wp-json\/wp\/v2\/pages\/177\/revisions"}],"predecessor-version":[{"id":3708,"href":"https:\/\/opus4vitae-bartlewicz.pl\/index.php\/wp-json\/wp\/v2\/pages\/177\/revisions\/3708"}],"wp:attachment":[{"href":"https:\/\/opus4vitae-bartlewicz.pl\/index.php\/wp-json\/wp\/v2\/media?parent=177"}],"curies":[{"name":"wp","href":"https:\/\/api.w.org\/{rel}","templated":true}]}}